{"id":733,"date":"2024-09-03T13:33:12","date_gmt":"2024-09-03T11:33:12","guid":{"rendered":"https:\/\/nosformamosfol.com\/?page_id=733"},"modified":"2026-04-07T12:11:08","modified_gmt":"2026-04-07T10:11:08","slug":"resultado-del-aprendizaje-4","status":"publish","type":"page","link":"https:\/\/nosformamosfol.com\/index.php\/resultado-del-aprendizaje-4\/","title":{"rendered":"RESULTADO DEL APRENDIZAJE 4"},"content":{"rendered":"\t\t<div data-elementor-type=\"wp-page\" data-elementor-id=\"733\" class=\"elementor elementor-733\">\n\t\t\t\t\t\t\t\t\t<section class=\"elementor-section elementor-top-section elementor-element elementor-element-3812000 elementor-section-boxed elementor-section-height-default elementor-section-height-default\" data-id=\"3812000\" data-element_type=\"section\">\n\t\t\t\t\t\t<div class=\"elementor-container elementor-column-gap-default\">\n\t\t\t\t\t<div class=\"elementor-column elementor-col-100 elementor-top-column elementor-element elementor-element-54c9cce\" data-id=\"54c9cce\" data-element_type=\"column\">\n\t\t\t<div class=\"elementor-widget-wrap elementor-element-populated\">\n\t\t\t\t\t\t\t\t<div class=\"elementor-element elementor-element-c079abb elementor-widget elementor-widget-text-editor\" data-id=\"c079abb\" data-element_type=\"widget\" data-widget_type=\"text-editor.default\">\n\t\t\t\t<div class=\"elementor-widget-container\">\n\t\t\t<style>\/*! elementor - v3.7.1 - 14-08-2022 *\/\n.elementor-widget-text-editor.elementor-drop-cap-view-stacked .elementor-drop-cap{background-color:#818a91;color:#fff}.elementor-widget-text-editor.elementor-drop-cap-view-framed .elementor-drop-cap{color:#818a91;border:3px solid;background-color:transparent}.elementor-widget-text-editor:not(.elementor-drop-cap-view-default) .elementor-drop-cap{margin-top:8px}.elementor-widget-text-editor:not(.elementor-drop-cap-view-default) .elementor-drop-cap-letter{width:1em;height:1em}.elementor-widget-text-editor .elementor-drop-cap{float:left;text-align:center;line-height:1;font-size:50px}.elementor-widget-text-editor .elementor-drop-cap-letter{display:inline-block}<\/style>\t\t\t\t<p>Analiza y eval\u00faa su potencial profesional y sus intereses para guiarse en el proceso de autoorientaci\u00f3n y elabora una hoja de ruta para la inserci\u00f3n profesional en base al an\u00e1lisis de las competencias, intereses y destrezas personales.<\/p>\t\t\t\t\t\t<\/div>\n\t\t\t\t<\/div>\n\t\t\t\t\t<\/div>\n\t\t<\/div>\n\t\t\t\t\t\t\t<\/div>\n\t\t<\/section>\n\t\t\t\t<section class=\"elementor-section elementor-top-section elementor-element elementor-element-e5c7d32 elementor-section-boxed elementor-section-height-default elementor-section-height-default\" data-id=\"e5c7d32\" data-element_type=\"section\">\n\t\t\t\t\t\t<div class=\"elementor-container elementor-column-gap-default\">\n\t\t\t\t\t<div class=\"elementor-column elementor-col-50 elementor-top-column elementor-element elementor-element-01dc57c\" data-id=\"01dc57c\" data-element_type=\"column\">\n\t\t\t<div class=\"elementor-widget-wrap elementor-element-populated\">\n\t\t\t\t\t\t\t\t<div class=\"elementor-element elementor-element-0371c12 elementor-widget elementor-widget-image\" data-id=\"0371c12\" data-element_type=\"widget\" data-widget_type=\"image.default\">\n\t\t\t\t<div class=\"elementor-widget-container\">\n\t\t\t<style>\/*! elementor - v3.7.1 - 14-08-2022 *\/\n.elementor-widget-image{text-align:center}.elementor-widget-image a{display:inline-block}.elementor-widget-image a img[src$=\".svg\"]{width:48px}.elementor-widget-image img{vertical-align:middle;display:inline-block}<\/style>\t\t\t\t\t\t\t\t\t\t\t\t<img loading=\"lazy\" decoding=\"async\" width=\"640\" height=\"640\" src=\"https:\/\/nosformamosfol.com\/wp-content\/uploads\/2026\/04\/school-desk.png\" class=\"attachment-large size-large\" alt=\"\" srcset=\"https:\/\/nosformamosfol.com\/wp-content\/uploads\/2026\/04\/school-desk.png 796w, https:\/\/nosformamosfol.com\/wp-content\/uploads\/2026\/04\/school-desk-300x300.png 300w, https:\/\/nosformamosfol.com\/wp-content\/uploads\/2026\/04\/school-desk-150x150.png 150w, https:\/\/nosformamosfol.com\/wp-content\/uploads\/2026\/04\/school-desk-768x768.png 768w, https:\/\/nosformamosfol.com\/wp-content\/uploads\/2026\/04\/school-desk-600x600.png 600w\" sizes=\"auto, (max-width: 640px) 100vw, 640px\" \/>\t\t\t\t\t\t\t\t\t\t\t\t\t\t\t<\/div>\n\t\t\t\t<\/div>\n\t\t\t\t\t<\/div>\n\t\t<\/div>\n\t\t\t\t<div class=\"elementor-column elementor-col-50 elementor-top-column elementor-element elementor-element-5b8b30f\" data-id=\"5b8b30f\" data-element_type=\"column\">\n\t\t\t<div class=\"elementor-widget-wrap elementor-element-populated\">\n\t\t\t\t\t\t\t\t<div class=\"elementor-element elementor-element-e79355e elementor-widget elementor-widget-text-editor\" data-id=\"e79355e\" data-element_type=\"widget\" data-widget_type=\"text-editor.default\">\n\t\t\t\t<div class=\"elementor-widget-container\">\n\t\t\t\t\t\t\t<p style=\"text-align: center;\"><span style=\"color: #ff0000;\">\u00bfC\u00f3mo voy a trabajar este RA4?\u00a0<\/span><\/p><p><span style=\"color: #000000;\">Debes dirigirte a la pesta\u00f1a IPE (I) al bloque de orientaci\u00f3n laboral y elaborar un portfolio pinchando el que corresponda seg\u00fan tu familia profesional.\u00a0<\/span><\/p><p style=\"text-align: center;\">\u00a1Al l\u00edo profesionales!<\/p>\t\t\t\t\t\t<\/div>\n\t\t\t\t<\/div>\n\t\t\t\t\t<\/div>\n\t\t<\/div>\n\t\t\t\t\t\t\t<\/div>\n\t\t<\/section>\n\t\t\t\t<section class=\"elementor-section elementor-top-section elementor-element elementor-element-bd77ffc elementor-section-boxed elementor-section-height-default elementor-section-height-default\" data-id=\"bd77ffc\" data-element_type=\"section\">\n\t\t\t\t\t\t<div class=\"elementor-container elementor-column-gap-default\">\n\t\t\t\t\t<div class=\"elementor-column elementor-col-100 elementor-top-column elementor-element elementor-element-a580316\" data-id=\"a580316\" data-element_type=\"column\">\n\t\t\t<div class=\"elementor-widget-wrap elementor-element-populated\">\n\t\t\t\t\t\t\t\t<div class=\"elementor-element elementor-element-b571de3 elementor-widget elementor-widget-button\" data-id=\"b571de3\" data-element_type=\"widget\" data-widget_type=\"button.default\">\n\t\t\t\t<div class=\"elementor-widget-container\">\n\t\t\t\t\t<div class=\"elementor-button-wrapper\">\n\t\t\t<a href=\"https:\/\/view.genially.com\/6207cfb2619270001168e1dc\" class=\"elementor-button-link elementor-button elementor-size-sm\" role=\"button\">\n\t\t\t\t\t\t<span class=\"elementor-button-content-wrapper\">\n\t\t\t\t\t\t<span class=\"elementor-button-text\">Pincha aqu\u00ed enlace portfolio<br><\/span>\n\t\t<\/span>\n\t\t\t\t\t<\/a>\n\t\t<\/div>\n\t\t\t\t<\/div>\n\t\t\t\t<\/div>\n\t\t\t\t\t<\/div>\n\t\t<\/div>\n\t\t\t\t\t\t\t<\/div>\n\t\t<\/section>\n\t\t\t\t\t\t\t<\/div>\n\t\t","protected":false},"excerpt":{"rendered":"<p>Analiza y eval\u00faa su potencial profesional y sus intereses para guiarse en el proceso de autoorientaci\u00f3n y elabora una hoja de ruta para la inserci\u00f3n profesional en base al an\u00e1lisis de las competencias, intereses y destrezas personales. \u00bfC\u00f3mo voy a trabajar este RA4?\u00a0 Debes dirigirte a la pesta\u00f1a IPE (I) al bloque de orientaci\u00f3n laboral [&hellip;]<\/p>\n","protected":false},"author":1,"featured_media":0,"parent":0,"menu_order":0,"comment_status":"closed","ping_status":"closed","template":"","meta":{"_regular_price":[],"currency_symbol":[],"footnotes":""},"class_list":["post-733","page","type-page","status-publish","hentry"],"post_slider_layout_featured_media_urls":{"thumbnail":"","post_slider_layout_landscape_large":"","post_slider_layout_portrait_large":"","post_slider_layout_square_large":"","post_slider_layout_landscape":"","post_slider_layout_portrait":"","post_slider_layout_square":"","full":""},"_links":{"self":[{"href":"https:\/\/nosformamosfol.com\/index.php\/wp-json\/wp\/v2\/pages\/733","targetHints":{"allow":["GET"]}}],"collection":[{"href":"https:\/\/nosformamosfol.com\/index.php\/wp-json\/wp\/v2\/pages"}],"about":[{"href":"https:\/\/nosformamosfol.com\/index.php\/wp-json\/wp\/v2\/types\/page"}],"author":[{"embeddable":true,"href":"https:\/\/nosformamosfol.com\/index.php\/wp-json\/wp\/v2\/users\/1"}],"replies":[{"embeddable":true,"href":"https:\/\/nosformamosfol.com\/index.php\/wp-json\/wp\/v2\/comments?post=733"}],"version-history":[{"count":16,"href":"https:\/\/nosformamosfol.com\/index.php\/wp-json\/wp\/v2\/pages\/733\/revisions"}],"predecessor-version":[{"id":860,"href":"https:\/\/nosformamosfol.com\/index.php\/wp-json\/wp\/v2\/pages\/733\/revisions\/860"}],"wp:attachment":[{"href":"https:\/\/nosformamosfol.com\/index.php\/wp-json\/wp\/v2\/media?parent=733"}],"curies":[{"name":"wp","href":"https:\/\/api.w.org\/{rel}","templated":true}]}}